{"id":24,"date":"2017-01-21T21:49:28","date_gmt":"2017-01-21T20:49:28","guid":{"rendered":"http:\/\/krodyl.cz\/?page_id=24"},"modified":"2024-11-29T08:46:11","modified_gmt":"2024-11-29T07:46:11","slug":"o-firme","status":"publish","type":"page","link":"https:\/\/reglis.cz\/index.php\/o-firme\/","title":{"rendered":"O firm\u011b"},"content":{"rendered":"<p>Firma byla zalo\u017eena v z\u00e1\u0159\u00ed 2012.<br \/>\nHlavn\u00ed \u010dinnost\u00ed je zak\u00e1zkov\u00e9 programov\u00e1n\u00ed stroj\u016f nebo opravy\/\u00fapravy program\u016f PLC od firmy Siemens S7-300, S7-1200, S7-1500 a LOGO! a na p\u0159\u00e1n\u00ed mo\u017eno i S7-200.<br \/>\nD\u00e1le se zab\u00fdv\u00e1m \u0159\u00edzen\u00edm topen\u00ed a topn\u00fdch soustav dom\u016f, \u0159e\u0161en\u00ed inteligentn\u00edch budov a syst\u00e9my p\u0159\u00edslu\u0161enstv\u00ed pro dom\u00e1c\u00ed koleji\u0161t\u011b viz sekce\u00a0<a href=\"http:\/\/krodyl.cz\/?cat=3\"><strong><a class=\"row-title\" href=\"http:\/\/krodyl.cz\/?cat=3\" aria-label=\"\u201eDCC pro modelovou \u017eeleznici\u201c (Upravit)\">DCC pro modelovou \u017eeleznici<\/a><\/strong><\/a>\u00a0.<\/p>\n<p>V p\u0159\u00edpad\u011b z\u00e1jmu mne pros\u00edm kontaktujte na\u00a0<a href=\"mailto:jan.licka@reglis.cz\">jan.licka@reglis.cz<\/a><\/p>\n","protected":false},"excerpt":{"rendered":"<p>Firma byla zalo\u017eena v z\u00e1\u0159\u00ed 2012. Hlavn\u00ed \u010dinnost\u00ed je zak\u00e1zkov\u00e9 programov\u00e1n\u00ed stroj\u016f nebo opravy\/\u00fapravy program\u016f PLC od firmy Siemens S7-300, S7-1200, S7-1500 a LOGO! a na p\u0159\u00e1n\u00ed mo\u017eno i S7-200. D\u00e1le se zab\u00fdv\u00e1m \u0159\u00edzen\u00edm&#46;&#46;&#46;<\/p>\n","protected":false},"author":2,"featured_media":0,"parent":0,"menu_order":0,"comment_status":"closed","ping_status":"closed","template":"","meta":{"footnotes":""},"class_list":["post-24","page","type-page","status-publish","hentry"],"_links":{"self":[{"href":"https:\/\/reglis.cz\/index.php\/wp-json\/wp\/v2\/pages\/24","targetHints":{"allow":["GET"]}}],"collection":[{"href":"https:\/\/reglis.cz\/index.php\/wp-json\/wp\/v2\/pages"}],"about":[{"href":"https:\/\/reglis.cz\/index.php\/wp-json\/wp\/v2\/types\/page"}],"author":[{"embeddable":true,"href":"https:\/\/reglis.cz\/index.php\/wp-json\/wp\/v2\/users\/2"}],"replies":[{"embeddable":true,"href":"https:\/\/reglis.cz\/index.php\/wp-json\/wp\/v2\/comments?post=24"}],"version-history":[{"count":2,"href":"https:\/\/reglis.cz\/index.php\/wp-json\/wp\/v2\/pages\/24\/revisions"}],"predecessor-version":[{"id":211,"href":"https:\/\/reglis.cz\/index.php\/wp-json\/wp\/v2\/pages\/24\/revisions\/211"}],"wp:attachment":[{"href":"https:\/\/reglis.cz\/index.php\/wp-json\/wp\/v2\/media?parent=24"}],"curies":[{"name":"wp","href":"https:\/\/api.w.org\/{rel}","templated":true}]}}